{"id":3821,"date":"2021-01-11T08:19:57","date_gmt":"2021-01-11T08:19:57","guid":{"rendered":"https:\/\/bromsservice.chillimedia.se\/?page_id=3821"},"modified":"2021-05-06T06:46:22","modified_gmt":"2021-05-06T06:46:22","slug":"booking-wash","status":"publish","type":"page","link":"http:\/\/bromsservice.se\/en\/booking-wash\/","title":{"rendered":"Booking Wash"},"content":{"rendered":"<div data-elementor-type=\"wp-page\" data-elementor-id=\"3821\" class=\"elementor elementor-3821\" data-elementor-post-type=\"page\">\n\t\t\t\t\t\t<section class=\"elementor-section elementor-top-section elementor-element elementor-element-4109758 elementor-section-boxed elementor-section-height-default elementor-section-height-default\" data-id=\"4109758\" data-element_type=\"section\" data-settings=\"{&quot;background_background&quot;:&quot;classic&quot;}\">\n\t\t\t\t\t\t<div class=\"elementor-container elementor-column-gap-default\">\n\t\t\t\t\t<div class=\"elementor-column elementor-col-100 elementor-top-column elementor-element elementor-element-ef3abea\" data-id=\"ef3abea\" data-element_type=\"column\">\n\t\t\t<div class=\"elementor-widget-wrap elementor-element-populated\">\n\t\t\t\t\t\t<div class=\"elementor-element elementor-element-d9a2832 elementor-widget elementor-widget-heading\" data-id=\"d9a2832\" data-element_type=\"widget\" data-widget_type=\"heading.default\">\n\t\t\t\t<div class=\"elementor-widget-container\">\n\t\t\t\t\t<h1 class=\"elementor-heading-title elementor-size-default\">Booking Car Wash<\/h1>\t\t\t\t<\/div>\n\t\t\t\t<\/div>\n\t\t\t\t<div class=\"elementor-element elementor-element-931132d elementor-widget__width-initial elementor-widget elementor-widget-text-editor\" data-id=\"931132d\" data-element_type=\"widget\" data-widget_type=\"text-editor.default\">\n\t\t\t\t<div class=\"elementor-widget-container\">\n\t\t\t\t\t\t\t\t\t<p>We provide a wide range of carwash services to suit all vehicles and budgets, we provide an unsurpassed quality of service and attention to detail, providing our customers with the ultimate in carwash services and satisfaction.<\/p>\t\t\t\t\t\t\t\t<\/div>\n\t\t\t\t<\/div>\n\t\t\t\t\t<\/div>\n\t\t<\/div>\n\t\t\t\t\t<\/div>\n\t\t<\/section>\n\t\t\t\t<section class=\"elementor-section elementor-top-section elementor-element elementor-element-e7d2762 elementor-section-full_width elementor-section-height-default elementor-section-height-default\" data-id=\"e7d2762\" data-element_type=\"section\">\n\t\t\t\t\t\t<div class=\"elementor-container elementor-column-gap-default\">\n\t\t\t\t\t<div class=\"elementor-column elementor-col-100 elementor-top-column elementor-element elementor-element-405a0f2\" data-id=\"405a0f2\" data-element_type=\"column\">\n\t\t\t<div class=\"elementor-widget-wrap elementor-element-populated\">\n\t\t\t\t\t\t<div class=\"elementor-element elementor-element-0974e4f elementor-widget elementor-widget-shortcode\" data-id=\"0974e4f\" data-element_type=\"widget\" data-widget_type=\"shortcode.default\">\n\t\t\t\t<div class=\"elementor-widget-container\">\n\t\t\t\t\t\t\t<div class=\"elementor-shortcode\">[jws_store store_id=\"3799\"]<\/div>\n\t\t\t\t\t\t<\/div>\n\t\t\t\t<\/div>\n\t\t\t\t\t<\/div>\n\t\t<\/div>\n\t\t\t\t\t<\/div>\n\t\t<\/section>\n\t\t\t\t<section class=\"elementor-section elementor-top-section elementor-element elementor-element-d4ddf4d elementor-section-content-middle elementor-section-boxed elementor-section-height-default elementor-section-height-default\" data-id=\"d4ddf4d\" data-element_type=\"section\">\n\t\t\t\t\t\t<div class=\"elementor-container elementor-column-gap-default\">\n\t\t\t\t\t<div class=\"elementor-column elementor-col-50 elementor-top-column elementor-element elementor-element-61cc6b3\" data-id=\"61cc6b3\" data-element_type=\"column\">\n\t\t\t<div class=\"elementor-widget-wrap elementor-element-populated\">\n\t\t\t\t\t\t<div class=\"elementor-element elementor-element-454257e elementor-widget elementor-widget-jws_title\" data-id=\"454257e\" data-element_type=\"widget\" data-widget_type=\"jws_title.default\">\n\t\t\t\t<div class=\"elementor-widget-container\">\n\t\t\t\t\t         <div class=\"jws-title-wap\">\r\n            <div class=\"jws-title layout1\">\r\n                <h3>Highest Quality<\/h3>\r\n                <h6>Our Partners<\/h6>\r\n                <h4>We only use the highest quality brands.<\/h4>\r\n            <\/div>\r\n         <\/div>   \r\n        \t\t\t\t<\/div>\n\t\t\t\t<\/div>\n\t\t\t\t\t<\/div>\n\t\t<\/div>\n\t\t\t\t<div class=\"elementor-column elementor-col-50 elementor-top-column elementor-element elementor-element-04b2ac4\" data-id=\"04b2ac4\" data-element_type=\"column\">\n\t\t\t<div class=\"elementor-widget-wrap elementor-element-populated\">\n\t\t\t\t\t\t<div class=\"elementor-element elementor-element-366f88e elementor-widget elementor-widget-image-carousel\" data-id=\"366f88e\" data-element_type=\"widget\" data-settings=\"{&quot;slides_to_show&quot;:&quot;4&quot;,&quot;navigation&quot;:&quot;none&quot;,&quot;slides_to_show_tablet&quot;:&quot;4&quot;,&quot;slides_to_show_mobile&quot;:&quot;2&quot;,&quot;autoplay&quot;:&quot;yes&quot;,&quot;pause_on_hover&quot;:&quot;yes&quot;,&quot;pause_on_interaction&quot;:&quot;yes&quot;,&quot;autoplay_speed&quot;:5000,&quot;infinite&quot;:&quot;yes&quot;,&quot;speed&quot;:500}\" data-widget_type=\"image-carousel.default\">\n\t\t\t\t<div class=\"elementor-widget-container\">\n\t\t\t\t\t\t\t<div class=\"elementor-image-carousel-wrapper swiper\" role=\"region\" aria-roledescription=\"carousel\" aria-label=\"Image Carousel\" dir=\"ltr\">\n\t\t\t<div class=\"elementor-image-carousel swiper-wrapper\" aria-live=\"off\">\n\t\t\t\t\t\t\t\t<div class=\"swiper-slide\" role=\"group\" aria-roledescription=\"slide\" aria-label=\"1 of 6\"><a href=\"#\"><figure class=\"swiper-slide-inner\"><img decoding=\"async\" class=\"swiper-slide-image\" src=\"https:\/\/bromsservice.se\/wp-content\/uploads\/2020\/12\/brand1.png\" alt=\"brand1\" \/><\/figure><\/a><\/div><div class=\"swiper-slide\" role=\"group\" aria-roledescription=\"slide\" aria-label=\"2 of 6\"><a href=\"#\"><figure class=\"swiper-slide-inner\"><img decoding=\"async\" class=\"swiper-slide-image\" src=\"https:\/\/bromsservice.se\/wp-content\/uploads\/2020\/12\/brand2.png\" alt=\"brand2\" \/><\/figure><\/a><\/div><div class=\"swiper-slide\" role=\"group\" aria-roledescription=\"slide\" aria-label=\"3 of 6\"><a href=\"#\"><figure class=\"swiper-slide-inner\"><img decoding=\"async\" class=\"swiper-slide-image\" src=\"https:\/\/bromsservice.se\/wp-content\/uploads\/2020\/12\/brand3.png\" alt=\"brand3\" \/><\/figure><\/a><\/div><div class=\"swiper-slide\" role=\"group\" aria-roledescription=\"slide\" aria-label=\"4 of 6\"><a href=\"#\"><figure class=\"swiper-slide-inner\"><img decoding=\"async\" class=\"swiper-slide-image\" src=\"https:\/\/bromsservice.se\/wp-content\/uploads\/2020\/12\/brand4.png\" alt=\"brand4\" \/><\/figure><\/a><\/div><div class=\"swiper-slide\" role=\"group\" aria-roledescription=\"slide\" aria-label=\"5 of 6\"><a href=\"#\"><figure class=\"swiper-slide-inner\"><img decoding=\"async\" class=\"swiper-slide-image\" src=\"https:\/\/bromsservice.se\/wp-content\/uploads\/2020\/12\/brand5.png\" alt=\"brand5\" \/><\/figure><\/a><\/div><div class=\"swiper-slide\" role=\"group\" aria-roledescription=\"slide\" aria-label=\"6 of 6\"><a href=\"#\"><figure class=\"swiper-slide-inner\"><img decoding=\"async\" class=\"swiper-slide-image\" src=\"https:\/\/bromsservice.se\/wp-content\/uploads\/2020\/12\/brand6.png\" alt=\"brand6\" \/><\/figure><\/a><\/div>\t\t\t<\/div>\n\t\t\t\t\t\t\t\n\t\t\t\t\t\t\t\t\t<\/div>\n\t\t\t\t\t\t<\/div>\n\t\t\t\t<\/div>\n\t\t\t\t\t<\/div>\n\t\t<\/div>\n\t\t\t\t\t<\/div>\n\t\t<\/section>\n\t\t\t\t<\/div>","protected":false},"excerpt":{"rendered":"<p>Booking Car Wash We provide a wide range of carwash services to suit all vehicles and budgets, we provide an unsurpassed quality of service and attention to detail, providing our customers with the ultimate in carwash services and satisfaction. [jws_store store_id=&#8221;3799&#8243;] Our Partners Highest Quality We only use the highest quality brands.<\/p>","protected":false},"author":1,"featured_media":-1,"parent":0,"menu_order":0,"comment_status":"closed","ping_status":"closed","template":"","meta":{"footnotes":""},"class_list":["post-3821","page","type-page","status-publish","has-post-thumbnail","hentry"],"yoast_head":"<!-- This site is optimized with the Yoast SEO plugin v26.5 - https:\/\/yoast.com\/wordpress\/plugins\/seo\/ -->\n<title>Booking Wash | Ume\u00e5 Bromsservice<\/title>\n<meta name=\"robots\" content=\"index, follow, max-snippet:-1, max-image-preview:large, max-video-preview:-1\" \/>\n<link rel=\"canonical\" href=\"https:\/\/bromsservice.se\/en\/booking-wash\/\" \/>\n<meta property=\"og:locale\" content=\"en_GB\" \/>\n<meta property=\"og:type\" content=\"article\" \/>\n<meta property=\"og:title\" content=\"Booking Wash | Ume\u00e5 Bromsservice\" \/>\n<meta property=\"og:description\" content=\"Booking Car Wash We provide a wide range of carwash services to suit all vehicles and budgets, we provide an unsurpassed quality of service and attention to detail, providing our customers with the ultimate in carwash services and satisfaction. [jws_store store_id=&#8221;3799&#8243;] Our Partners Highest Quality We only use the highest quality brands.\" \/>\n<meta property=\"og:url\" content=\"https:\/\/bromsservice.se\/en\/booking-wash\/\" \/>\n<meta property=\"og:site_name\" content=\"Ume\u00e5 Bromsservice\" \/>\n<meta property=\"article:publisher\" content=\"https:\/\/www.facebook.com\/bromsservice\" \/>\n<meta property=\"article:modified_time\" content=\"2021-05-06T06:46:22+00:00\" \/>\n<meta name=\"twitter:card\" content=\"summary_large_image\" \/>\n<script type=\"application\/ld+json\" class=\"yoast-schema-graph\">{\"@context\":\"https:\/\/schema.org\",\"@graph\":[{\"@type\":\"WebPage\",\"@id\":\"https:\/\/bromsservice.se\/en\/booking-wash\/\",\"url\":\"https:\/\/bromsservice.se\/en\/booking-wash\/\",\"name\":\"Booking Wash | Ume\u00e5 Bromsservice\",\"isPartOf\":{\"@id\":\"https:\/\/bromsservice.se\/#website\"},\"primaryImageOfPage\":{\"@id\":\"https:\/\/bromsservice.se\/en\/booking-wash\/#primaryimage\"},\"image\":{\"@id\":\"https:\/\/bromsservice.se\/en\/booking-wash\/#primaryimage\"},\"thumbnailUrl\":\"http:\/\/bromsservice.se\/wp-content\/uploads\/2020\/12\/brand1.png\",\"datePublished\":\"2021-01-11T08:19:57+00:00\",\"dateModified\":\"2021-05-06T06:46:22+00:00\",\"breadcrumb\":{\"@id\":\"https:\/\/bromsservice.se\/en\/booking-wash\/#breadcrumb\"},\"inLanguage\":\"en-GB\",\"potentialAction\":[{\"@type\":\"ReadAction\",\"target\":[\"https:\/\/bromsservice.se\/en\/booking-wash\/\"]}]},{\"@type\":\"ImageObject\",\"inLanguage\":\"en-GB\",\"@id\":\"https:\/\/bromsservice.se\/en\/booking-wash\/#primaryimage\",\"url\":\"http:\/\/bromsservice.se\/wp-content\/uploads\/2020\/12\/brand1.png\",\"contentUrl\":\"http:\/\/bromsservice.se\/wp-content\/uploads\/2020\/12\/brand1.png\"},{\"@type\":\"BreadcrumbList\",\"@id\":\"https:\/\/bromsservice.se\/en\/booking-wash\/#breadcrumb\",\"itemListElement\":[{\"@type\":\"ListItem\",\"position\":1,\"name\":\"Hem\",\"item\":\"https:\/\/bromsservice.se\/\"},{\"@type\":\"ListItem\",\"position\":2,\"name\":\"Booking Wash\"}]},{\"@type\":\"WebSite\",\"@id\":\"https:\/\/bromsservice.se\/#website\",\"url\":\"https:\/\/bromsservice.se\/\",\"name\":\"Ume\u00e5 Bromsservice\",\"description\":\"Fullserviceverkstad f\u00f6r lastbil, sl\u00e4p &amp; trailer\",\"publisher\":{\"@id\":\"https:\/\/bromsservice.se\/#organization\"},\"potentialAction\":[{\"@type\":\"SearchAction\",\"target\":{\"@type\":\"EntryPoint\",\"urlTemplate\":\"https:\/\/bromsservice.se\/?s={search_term_string}\"},\"query-input\":{\"@type\":\"PropertyValueSpecification\",\"valueRequired\":true,\"valueName\":\"search_term_string\"}}],\"inLanguage\":\"en-GB\"},{\"@type\":\"Organization\",\"@id\":\"https:\/\/bromsservice.se\/#organization\",\"name\":\"Ume\u00e5 Bromsservice AB\",\"url\":\"https:\/\/bromsservice.se\/\",\"logo\":{\"@type\":\"ImageObject\",\"inLanguage\":\"en-GB\",\"@id\":\"https:\/\/bromsservice.se\/#\/schema\/logo\/image\/\",\"url\":\"http:\/\/bromsservice.se\/wp-content\/uploads\/2020\/12\/footer-logo-bromsservice-umea.png\",\"contentUrl\":\"http:\/\/bromsservice.se\/wp-content\/uploads\/2020\/12\/footer-logo-bromsservice-umea.png\",\"width\":300,\"height\":145,\"caption\":\"Ume\u00e5 Bromsservice AB\"},\"image\":{\"@id\":\"https:\/\/bromsservice.se\/#\/schema\/logo\/image\/\"},\"sameAs\":[\"https:\/\/www.facebook.com\/bromsservice\"]}]}<\/script>\n<!-- \/ Yoast SEO plugin. -->","yoast_head_json":{"title":"Booking Wash | Ume\u00e5 Bromsservice","robots":{"index":"index","follow":"follow","max-snippet":"max-snippet:-1","max-image-preview":"max-image-preview:large","max-video-preview":"max-video-preview:-1"},"canonical":"https:\/\/bromsservice.se\/en\/booking-wash\/","og_locale":"en_GB","og_type":"article","og_title":"Booking Wash | Ume\u00e5 Bromsservice","og_description":"Booking Car Wash We provide a wide range of carwash services to suit all vehicles and budgets, we provide an unsurpassed quality of service and attention to detail, providing our customers with the ultimate in carwash services and satisfaction. [jws_store store_id=&#8221;3799&#8243;] Our Partners Highest Quality We only use the highest quality brands.","og_url":"https:\/\/bromsservice.se\/en\/booking-wash\/","og_site_name":"Ume\u00e5 Bromsservice","article_publisher":"https:\/\/www.facebook.com\/bromsservice","article_modified_time":"2021-05-06T06:46:22+00:00","twitter_card":"summary_large_image","schema":{"@context":"https:\/\/schema.org","@graph":[{"@type":"WebPage","@id":"https:\/\/bromsservice.se\/en\/booking-wash\/","url":"https:\/\/bromsservice.se\/en\/booking-wash\/","name":"Booking Wash | Ume\u00e5 Bromsservice","isPartOf":{"@id":"https:\/\/bromsservice.se\/#website"},"primaryImageOfPage":{"@id":"https:\/\/bromsservice.se\/en\/booking-wash\/#primaryimage"},"image":{"@id":"https:\/\/bromsservice.se\/en\/booking-wash\/#primaryimage"},"thumbnailUrl":"http:\/\/bromsservice.se\/wp-content\/uploads\/2020\/12\/brand1.png","datePublished":"2021-01-11T08:19:57+00:00","dateModified":"2021-05-06T06:46:22+00:00","breadcrumb":{"@id":"https:\/\/bromsservice.se\/en\/booking-wash\/#breadcrumb"},"inLanguage":"en-GB","potentialAction":[{"@type":"ReadAction","target":["https:\/\/bromsservice.se\/en\/booking-wash\/"]}]},{"@type":"ImageObject","inLanguage":"en-GB","@id":"https:\/\/bromsservice.se\/en\/booking-wash\/#primaryimage","url":"http:\/\/bromsservice.se\/wp-content\/uploads\/2020\/12\/brand1.png","contentUrl":"http:\/\/bromsservice.se\/wp-content\/uploads\/2020\/12\/brand1.png"},{"@type":"BreadcrumbList","@id":"https:\/\/bromsservice.se\/en\/booking-wash\/#breadcrumb","itemListElement":[{"@type":"ListItem","position":1,"name":"Hem","item":"https:\/\/bromsservice.se\/"},{"@type":"ListItem","position":2,"name":"Booking Wash"}]},{"@type":"WebSite","@id":"https:\/\/bromsservice.se\/#website","url":"https:\/\/bromsservice.se\/","name":"Ume\u00e5 Bromsservice","description":"Fullserviceverkstad f\u00f6r lastbil, sl\u00e4p &amp; trailer","publisher":{"@id":"https:\/\/bromsservice.se\/#organization"},"potentialAction":[{"@type":"SearchAction","target":{"@type":"EntryPoint","urlTemplate":"https:\/\/bromsservice.se\/?s={search_term_string}"},"query-input":{"@type":"PropertyValueSpecification","valueRequired":true,"valueName":"search_term_string"}}],"inLanguage":"en-GB"},{"@type":"Organization","@id":"https:\/\/bromsservice.se\/#organization","name":"Ume\u00e5 Bromsservice AB","url":"https:\/\/bromsservice.se\/","logo":{"@type":"ImageObject","inLanguage":"en-GB","@id":"https:\/\/bromsservice.se\/#\/schema\/logo\/image\/","url":"http:\/\/bromsservice.se\/wp-content\/uploads\/2020\/12\/footer-logo-bromsservice-umea.png","contentUrl":"http:\/\/bromsservice.se\/wp-content\/uploads\/2020\/12\/footer-logo-bromsservice-umea.png","width":300,"height":145,"caption":"Ume\u00e5 Bromsservice AB"},"image":{"@id":"https:\/\/bromsservice.se\/#\/schema\/logo\/image\/"},"sameAs":["https:\/\/www.facebook.com\/bromsservice"]}]}},"_links":{"self":[{"href":"http:\/\/bromsservice.se\/en\/wp-json\/wp\/v2\/pages\/3821","targetHints":{"allow":["GET"]}}],"collection":[{"href":"http:\/\/bromsservice.se\/en\/wp-json\/wp\/v2\/pages"}],"about":[{"href":"http:\/\/bromsservice.se\/en\/wp-json\/wp\/v2\/types\/page"}],"author":[{"embeddable":true,"href":"http:\/\/bromsservice.se\/en\/wp-json\/wp\/v2\/users\/1"}],"replies":[{"embeddable":true,"href":"http:\/\/bromsservice.se\/en\/wp-json\/wp\/v2\/comments?post=3821"}],"version-history":[{"count":0,"href":"http:\/\/bromsservice.se\/en\/wp-json\/wp\/v2\/pages\/3821\/revisions"}],"wp:featuredmedia":[{"embeddable":true,"href":"http:\/\/bromsservice.se\/en\/wp-json\/"}],"wp:attachment":[{"href":"http:\/\/bromsservice.se\/en\/wp-json\/wp\/v2\/media?parent=3821"}],"curies":[{"name":"wp","href":"https:\/\/api.w.org\/{rel}","templated":true}]}}