{"id":1942,"date":"2020-12-31T06:40:03","date_gmt":"2020-12-31T06:40:03","guid":{"rendered":"https:\/\/bromsservice.chillimedia.se\/?page_id=1942"},"modified":"2021-01-06T07:54:17","modified_gmt":"2021-01-06T07:54:17","slug":"find-location","status":"publish","type":"page","link":"https:\/\/bromsservice.se\/en\/find-location\/","title":{"rendered":"Find Location"},"content":{"rendered":"<div data-elementor-type=\"wp-page\" data-elementor-id=\"1942\" class=\"elementor elementor-1942\" data-elementor-post-type=\"page\">\n\t\t\t\t\t\t<section class=\"elementor-section elementor-top-section elementor-element elementor-element-255fc379 elementor-section-boxed elementor-section-height-default elementor-section-height-default\" data-id=\"255fc379\" data-element_type=\"section\">\n\t\t\t\t\t\t<div class=\"elementor-container elementor-column-gap-default\">\n\t\t\t\t\t<div class=\"elementor-column elementor-col-100 elementor-top-column elementor-element elementor-element-2cdfc442\" data-id=\"2cdfc442\" data-element_type=\"column\">\n\t\t\t<div class=\"elementor-widget-wrap elementor-element-populated\">\n\t\t\t\t\t\t<div class=\"elementor-element elementor-element-4de5c5c8 elementor-widget elementor-widget-shortcode\" data-id=\"4de5c5c8\" data-element_type=\"widget\" data-widget_type=\"shortcode.default\">\n\t\t\t\t<div class=\"elementor-widget-container\">\n\t\t\t\t\t\t\t<div class=\"elementor-shortcode\">[wpsl]<\/div>\n\t\t\t\t\t\t<\/div>\n\t\t\t\t<\/div>\n\t\t\t\t\t<\/div>\n\t\t<\/div>\n\t\t\t\t\t<\/div>\n\t\t<\/section>\n\t\t\t\t<\/div>","protected":false},"excerpt":{"rendered":"<p>[wpsl]<\/p>","protected":false},"author":1,"featured_media":0,"parent":0,"menu_order":0,"comment_status":"closed","ping_status":"closed","template":"","meta":{"footnotes":""},"class_list":["post-1942","page","type-page","status-publish","hentry"],"yoast_head":"<!-- This site is optimized with the Yoast SEO plugin v26.5 - https:\/\/yoast.com\/wordpress\/plugins\/seo\/ -->\n<title>Find Location | Ume\u00e5 Bromsservice<\/title>\n<meta name=\"robots\" content=\"index, follow, max-snippet:-1, max-image-preview:large, max-video-preview:-1\" \/>\n<link rel=\"canonical\" href=\"https:\/\/bromsservice.se\/en\/find-location\/\" \/>\n<meta property=\"og:locale\" content=\"en_GB\" \/>\n<meta property=\"og:type\" content=\"article\" \/>\n<meta property=\"og:title\" content=\"Find Location | Ume\u00e5 Bromsservice\" \/>\n<meta property=\"og:description\" content=\"[wpsl]\" \/>\n<meta property=\"og:url\" content=\"https:\/\/bromsservice.se\/en\/find-location\/\" \/>\n<meta property=\"og:site_name\" content=\"Ume\u00e5 Bromsservice\" \/>\n<meta property=\"article:publisher\" content=\"https:\/\/www.facebook.com\/bromsservice\" \/>\n<meta property=\"article:modified_time\" content=\"2021-01-06T07:54:17+00:00\" \/>\n<meta name=\"twitter:card\" content=\"summary_large_image\" \/>\n<script type=\"application\/ld+json\" class=\"yoast-schema-graph\">{\"@context\":\"https:\/\/schema.org\",\"@graph\":[{\"@type\":\"WebPage\",\"@id\":\"https:\/\/bromsservice.se\/find-location\/\",\"url\":\"https:\/\/bromsservice.se\/find-location\/\",\"name\":\"Find Location | Ume\u00e5 Bromsservice\",\"isPartOf\":{\"@id\":\"https:\/\/bromsservice.se\/#website\"},\"datePublished\":\"2020-12-31T06:40:03+00:00\",\"dateModified\":\"2021-01-06T07:54:17+00:00\",\"breadcrumb\":{\"@id\":\"https:\/\/bromsservice.se\/find-location\/#breadcrumb\"},\"inLanguage\":\"en-GB\",\"potentialAction\":[{\"@type\":\"ReadAction\",\"target\":[\"https:\/\/bromsservice.se\/find-location\/\"]}]},{\"@type\":\"BreadcrumbList\",\"@id\":\"https:\/\/bromsservice.se\/find-location\/#breadcrumb\",\"itemListElement\":[{\"@type\":\"ListItem\",\"position\":1,\"name\":\"Hem\",\"item\":\"https:\/\/bromsservice.se\/\"},{\"@type\":\"ListItem\",\"position\":2,\"name\":\"Find Location\"}]},{\"@type\":\"WebSite\",\"@id\":\"https:\/\/bromsservice.se\/#website\",\"url\":\"https:\/\/bromsservice.se\/\",\"name\":\"Ume\u00e5 Bromsservice\",\"description\":\"Fullserviceverkstad f\u00f6r lastbil, sl\u00e4p &amp; trailer\",\"publisher\":{\"@id\":\"https:\/\/bromsservice.se\/#organization\"},\"potentialAction\":[{\"@type\":\"SearchAction\",\"target\":{\"@type\":\"EntryPoint\",\"urlTemplate\":\"https:\/\/bromsservice.se\/?s={search_term_string}\"},\"query-input\":{\"@type\":\"PropertyValueSpecification\",\"valueRequired\":true,\"valueName\":\"search_term_string\"}}],\"inLanguage\":\"en-GB\"},{\"@type\":\"Organization\",\"@id\":\"https:\/\/bromsservice.se\/#organization\",\"name\":\"Ume\u00e5 Bromsservice AB\",\"url\":\"https:\/\/bromsservice.se\/\",\"logo\":{\"@type\":\"ImageObject\",\"inLanguage\":\"en-GB\",\"@id\":\"https:\/\/bromsservice.se\/#\/schema\/logo\/image\/\",\"url\":\"http:\/\/bromsservice.se\/wp-content\/uploads\/2020\/12\/footer-logo-bromsservice-umea.png\",\"contentUrl\":\"http:\/\/bromsservice.se\/wp-content\/uploads\/2020\/12\/footer-logo-bromsservice-umea.png\",\"width\":300,\"height\":145,\"caption\":\"Ume\u00e5 Bromsservice AB\"},\"image\":{\"@id\":\"https:\/\/bromsservice.se\/#\/schema\/logo\/image\/\"},\"sameAs\":[\"https:\/\/www.facebook.com\/bromsservice\"]}]}<\/script>\n<!-- \/ Yoast SEO plugin. -->","yoast_head_json":{"title":"Find Location | Ume\u00e5 Bromsservice","robots":{"index":"index","follow":"follow","max-snippet":"max-snippet:-1","max-image-preview":"max-image-preview:large","max-video-preview":"max-video-preview:-1"},"canonical":"https:\/\/bromsservice.se\/en\/find-location\/","og_locale":"en_GB","og_type":"article","og_title":"Find Location | Ume\u00e5 Bromsservice","og_description":"[wpsl]","og_url":"https:\/\/bromsservice.se\/en\/find-location\/","og_site_name":"Ume\u00e5 Bromsservice","article_publisher":"https:\/\/www.facebook.com\/bromsservice","article_modified_time":"2021-01-06T07:54:17+00:00","twitter_card":"summary_large_image","schema":{"@context":"https:\/\/schema.org","@graph":[{"@type":"WebPage","@id":"https:\/\/bromsservice.se\/find-location\/","url":"https:\/\/bromsservice.se\/find-location\/","name":"Find Location | Ume\u00e5 Bromsservice","isPartOf":{"@id":"https:\/\/bromsservice.se\/#website"},"datePublished":"2020-12-31T06:40:03+00:00","dateModified":"2021-01-06T07:54:17+00:00","breadcrumb":{"@id":"https:\/\/bromsservice.se\/find-location\/#breadcrumb"},"inLanguage":"en-GB","potentialAction":[{"@type":"ReadAction","target":["https:\/\/bromsservice.se\/find-location\/"]}]},{"@type":"BreadcrumbList","@id":"https:\/\/bromsservice.se\/find-location\/#breadcrumb","itemListElement":[{"@type":"ListItem","position":1,"name":"Hem","item":"https:\/\/bromsservice.se\/"},{"@type":"ListItem","position":2,"name":"Find Location"}]},{"@type":"WebSite","@id":"https:\/\/bromsservice.se\/#website","url":"https:\/\/bromsservice.se\/","name":"Ume\u00e5 Bromsservice","description":"Fullserviceverkstad f\u00f6r lastbil, sl\u00e4p &amp; trailer","publisher":{"@id":"https:\/\/bromsservice.se\/#organization"},"potentialAction":[{"@type":"SearchAction","target":{"@type":"EntryPoint","urlTemplate":"https:\/\/bromsservice.se\/?s={search_term_string}"},"query-input":{"@type":"PropertyValueSpecification","valueRequired":true,"valueName":"search_term_string"}}],"inLanguage":"en-GB"},{"@type":"Organization","@id":"https:\/\/bromsservice.se\/#organization","name":"Ume\u00e5 Bromsservice AB","url":"https:\/\/bromsservice.se\/","logo":{"@type":"ImageObject","inLanguage":"en-GB","@id":"https:\/\/bromsservice.se\/#\/schema\/logo\/image\/","url":"http:\/\/bromsservice.se\/wp-content\/uploads\/2020\/12\/footer-logo-bromsservice-umea.png","contentUrl":"http:\/\/bromsservice.se\/wp-content\/uploads\/2020\/12\/footer-logo-bromsservice-umea.png","width":300,"height":145,"caption":"Ume\u00e5 Bromsservice AB"},"image":{"@id":"https:\/\/bromsservice.se\/#\/schema\/logo\/image\/"},"sameAs":["https:\/\/www.facebook.com\/bromsservice"]}]}},"_links":{"self":[{"href":"https:\/\/bromsservice.se\/en\/wp-json\/wp\/v2\/pages\/1942","targetHints":{"allow":["GET"]}}],"collection":[{"href":"https:\/\/bromsservice.se\/en\/wp-json\/wp\/v2\/pages"}],"about":[{"href":"https:\/\/bromsservice.se\/en\/wp-json\/wp\/v2\/types\/page"}],"author":[{"embeddable":true,"href":"https:\/\/bromsservice.se\/en\/wp-json\/wp\/v2\/users\/1"}],"replies":[{"embeddable":true,"href":"https:\/\/bromsservice.se\/en\/wp-json\/wp\/v2\/comments?post=1942"}],"version-history":[{"count":0,"href":"https:\/\/bromsservice.se\/en\/wp-json\/wp\/v2\/pages\/1942\/revisions"}],"wp:attachment":[{"href":"https:\/\/bromsservice.se\/en\/wp-json\/wp\/v2\/media?parent=1942"}],"curies":[{"name":"wp","href":"https:\/\/api.w.org\/{rel}","templated":true}]}}